{"id":49476,"date":"2025-12-16T20:25:26","date_gmt":"2025-12-16T20:25:26","guid":{"rendered":"https:\/\/mexicopublica.mx\/?page_id=49476"},"modified":"2025-12-16T20:25:44","modified_gmt":"2025-12-16T20:25:44","slug":"por-quien-votarias-si-hoy-fueran-las-elecciones-de-2027-para-gobernador-de-sonora","status":"publish","type":"page","link":"https:\/\/mexicopublica.mx\/en\/por-quien-votarias-si-hoy-fueran-las-elecciones-de-2027-para-gobernador-de-sonora\/","title":{"rendered":"\u00bfPOR QUI\u00c9N VOTAR\u00cdAS SI HOY FUERAN LAS ELECCIONES DE 2027 PARA GOBERNADOR DE SONORA?"},"content":{"rendered":"<div class=\"wp-block-image\">\n<figure class=\"aligncenter size-large\"><img fetchpriority=\"high\" decoding=\"async\" width=\"1024\" height=\"557\" src=\"https:\/\/mexicopublica.mx\/wp-content\/uploads\/2025\/12\/encuestas-gmp-sonora-1024x557.webp\" alt=\"\" class=\"wp-image-49477\" srcset=\"https:\/\/mexicopublica.mx\/wp-content\/uploads\/2025\/12\/encuestas-gmp-sonora-1024x557.webp 1024w, https:\/\/mexicopublica.mx\/wp-content\/uploads\/2025\/12\/encuestas-gmp-sonora-300x163.webp 300w, https:\/\/mexicopublica.mx\/wp-content\/uploads\/2025\/12\/encuestas-gmp-sonora-768x418.webp 768w, https:\/\/mexicopublica.mx\/wp-content\/uploads\/2025\/12\/encuestas-gmp-sonora-18x10.webp 18w, https:\/\/mexicopublica.mx\/wp-content\/uploads\/2025\/12\/encuestas-gmp-sonora-450x245.webp 450w, https:\/\/mexicopublica.mx\/wp-content\/uploads\/2025\/12\/encuestas-gmp-sonora-700x381.webp 700w, https:\/\/mexicopublica.mx\/wp-content\/uploads\/2025\/12\/encuestas-gmp-sonora.webp 1200w\" sizes=\"(max-width: 1024px) 100vw, 1024px\" \/><\/figure>\n<\/div>\n\n\n<div class='bootstrap-yop yop-poll-mc'>\n\t\t\t\t\t\t\t<div class=\"basic-yop-poll-container\" style=\"background-color:#ffffff; border:1px; border-style:solid; border-color:#000000; border-radius:0px; padding:10px 10px;\" data-id=\"19\" data-temp=\"basic\" data-skin=\"minimal\" data-cscheme=\"black\" data-cap=\"0\" data-access=\"guest\" data-tid=\"\" data-uid=\"32202879fdec11d54d79f5818f04c10d\" data-pid=\"49476\" data-resdet=\"votes-number,percentages\" data-show-results-to=\"guest\" data-show-results-moment=\"before-vote,after-vote\" data-show-results-only=\"false\" data-show-message=\"true\" data-show-results-as=\"bar\" data-sort-results-by=\"as-defined\" data-sort-results-rule=\"asc\"data-is-ended=\"0\" data-percentages-decimals=\"2\" data-gdpr=\"no\" data-gdpr-sol=\"consent\" data-css=\"\" data-counter=\"0\" data-load-with=\"1\" data-notification-section=\"top\"><div class=\"row\"><div class=\"col-md-12\"><div class=\"basic-inner\"><div class=\"basic-message hide\" style=\"border-left: 10px solid #008000; padding: 0px 10px;\" data-error=\"#ff0000\" data-success=\"#008000\"><p class=\"basic-message-text\" style=\"color:#000000; font-size:14px; font-weight:normal;\"><\/p><\/div><div class=\"basic-overlay hide\"><div class=\"basic-vote-options\"><\/div><div class=\"basic-preloader\"><div class=\"basic-windows8\"><div class=\"basic-wBall basic-wBall_1\"><div class=\"basic-wInnerBall\"><\/div><\/div><div class=\"basic-wBall basic-wBall_2\"><div class=\"basic-wInnerBall\"><\/div><\/div><div class=\"basic-wBall basic-wBall_3\"><div class=\"basic-wInnerBall\"><\/div><\/div><div class=\"basic-wBall basic-wBall_4\"><div class=\"basic-wInnerBall\"><\/div><\/div><div class=\"basic-wBall basic-wBall_5\"><div class=\"basic-wInnerBall\"><\/div><\/div><\/div><\/div><\/div><form class=\"basic-form\"><input type=\"hidden\" name=\"_token\" value=\"c308347ebe\" autocomplete=\"off\"><div class=\"basic-elements\"><div class=\"basic-element basic-question basic-question-text-vertical\" data-id=\"19\" data-uid=\"4868618c790b13c2d1ee24f65306857d\" data-type=\"question\" data-question-type=\"text\" data-required=\"yes\" data-allow-multiple=\"no\" data-min=\"1\" data-max=\"1\" data-display=\"vertical\" data-colnum=\"\" data-display-others=\"no\" data-others-color=\"\" data-others=\"\" data-others-max-chars=\"0\"><div class=\"basic-question-title\"><h5 style=\"color:#000000; font-size:16px; font-weight:normal; text-align:left;\">\ud83d\uddf3\ufe0f \u00bfPOR QUI\u00c9N VOTAR\u00cdAS SI HOY FUERAN LAS ELECCIONES DE 2027 PARA GOBERNADOR DE SONORA?<\/h5><\/div><ul class=\"basic-answers\"><li class=\"basic-answer\" style=\"padding:0px 0px;\" data-id=\"81\" data-type=\"text\" data-vn=\"973\" data-color=\"#000000\" data-make-link=\"no\" data-link=\"\"><div class=\"basic-answer-content basic-text-vertical\"><label for=\"answer[81]\" class=\"basic-answer-label\"><input type=\"radio\" id=\"answer[81]\" name=\"answer[19]\" value=\"81\"><span class=\"basic-text\" style=\"color: #000000; font-size: 14px; font-weight: normal;\">\ud83d\udc64 ANTONIO ASTIAZAR\u00c1N<\/span><\/label><\/div><\/li><li class=\"basic-answer\" style=\"padding:0px 0px;\" data-id=\"85\" data-type=\"text\" data-vn=\"236\" data-color=\"#000000\" data-make-link=\"no\" data-link=\"\"><div class=\"basic-answer-content basic-text-vertical\"><label for=\"answer[85]\" class=\"basic-answer-label\"><input type=\"radio\" id=\"answer[85]\" name=\"answer[19]\" value=\"85\"><span class=\"basic-text\" style=\"color: #000000; font-size: 14px; font-weight: normal;\">\ud83d\udc64 JAVIER LAMARQUE<\/span><\/label><\/div><\/li><li class=\"basic-answer\" style=\"padding:0px 0px;\" data-id=\"87\" data-type=\"text\" data-vn=\"107\" data-color=\"#000000\" data-make-link=\"no\" data-link=\"\"><div class=\"basic-answer-content basic-text-vertical\"><label for=\"answer[87]\" class=\"basic-answer-label\"><input type=\"radio\" id=\"answer[87]\" name=\"answer[19]\" value=\"87\"><span class=\"basic-text\" style=\"color: #000000; font-size: 14px; font-weight: normal;\">\ud83e\udd14 A\u00daN NO DECIDO<\/span><\/label><\/div><\/li><\/ul><\/div><div class=\"clearfix\"><\/div><\/div><div class=\"basic-stats text-center\"><span class=\"basic-stats-votes\"><span class=\"basic-stats-votes-number\">1316<\/span><span class=\"basic-stats-votes-text\">&nbsp;votos<\/span><\/span><span class=\"basic-stats-separator\">&nbsp;&middot;&nbsp;<\/span><span class=\"basic-stats-answers\"><span class=\"basic-stats-answers-number\">1316<\/span><span class=\"basic-stats-answers-text\">&nbsp;answers<\/span><\/span><\/div><div class=\"basic-vote\"><a href=\"#\" class=\"button basic-vote-button\" role=\"button\" style=\"background:#ee7600; border:0px; border-style: solid; border-color:#000000; border-radius:0px; padding:5px 10px; color:#ffffff; font-size:14px; font-weight:normal;\">Votar<\/a><a href=\"#\" class=\"button basic-results-button\" role=\"button\" style=\"background:#ee7600; border:0px; border-style: solid; border-color:#000000; border-radius:0px; padding:5px 10px; color:#ffffff; font-size:14px; font-weight:normal;\">Resultados<\/a><\/div><\/form><\/div><\/div><\/div><\/div>\n\t\t\t\t\t\t<\/div>\n","protected":false},"excerpt":{"rendered":"","protected":false},"author":1,"featured_media":49477,"parent":0,"menu_order":0,"comment_status":"closed","ping_status":"closed","template":"","meta":{"footnotes":""},"class_list":["post-49476","page","type-page","status-publish","has-post-thumbnail","hentry"],"yoast_head":"<!-- This site is optimized with the Yoast SEO plugin v27.2 - https:\/\/yoast.com\/product\/yoast-seo-wordpress\/ -->\n<title>\u00bfPOR QUI\u00c9N VOTAR\u00cdAS SI HOY FUERAN LAS ELECCIONES DE 2027 PARA GOBERNADOR DE SONORA? - Grupo M\u00e9xico Publica<\/title>\n<meta name=\"description\" content=\"Participa en nuestra encuesta. Ejercicio informativo sin validez oficial.\" \/>\n<meta name=\"robots\" content=\"index, follow, max-snippet:-1, max-image-preview:large, max-video-preview:-1\" \/>\n<link rel=\"canonical\" href=\"https:\/\/mexicopublica.mx\/en\/por-quien-votarias-si-hoy-fueran-las-elecciones-de-2027-para-gobernador-de-sonora\/\" \/>\n<meta property=\"og:locale\" content=\"en_US\" \/>\n<meta property=\"og:type\" content=\"article\" \/>\n<meta property=\"og:title\" content=\"\u00bfPOR QUI\u00c9N VOTAR\u00cdAS SI HOY FUERAN LAS ELECCIONES DE 2027 PARA GOBERNADOR DE SONORA? - Grupo M\u00e9xico Publica\" \/>\n<meta property=\"og:description\" content=\"Participa en nuestra encuesta. Ejercicio informativo sin validez oficial.\" \/>\n<meta property=\"og:url\" content=\"https:\/\/mexicopublica.mx\/en\/por-quien-votarias-si-hoy-fueran-las-elecciones-de-2027-para-gobernador-de-sonora\/\" \/>\n<meta property=\"og:site_name\" content=\"Grupo M\u00e9xico Publica\" \/>\n<meta property=\"article:modified_time\" content=\"2025-12-16T20:25:44+00:00\" \/>\n<meta property=\"og:image\" content=\"https:\/\/mexicopublica.mx\/wp-content\/uploads\/2025\/12\/encuestas-gmp-sonora.webp\" \/>\n\t<meta property=\"og:image:width\" content=\"1200\" \/>\n\t<meta property=\"og:image:height\" content=\"653\" \/>\n\t<meta property=\"og:image:type\" content=\"image\/webp\" \/>\n<meta name=\"twitter:card\" content=\"summary_large_image\" \/>\n<meta name=\"twitter:label1\" content=\"Est. reading time\" \/>\n\t<meta name=\"twitter:data1\" content=\"1 minute\" \/>\n<script type=\"application\/ld+json\" class=\"yoast-schema-graph\">{\"@context\":\"https:\/\/schema.org\",\"@graph\":[{\"@type\":\"WebPage\",\"@id\":\"https:\/\/mexicopublica.mx\/por-quien-votarias-si-hoy-fueran-las-elecciones-de-2027-para-gobernador-de-sonora\/\",\"url\":\"https:\/\/mexicopublica.mx\/por-quien-votarias-si-hoy-fueran-las-elecciones-de-2027-para-gobernador-de-sonora\/\",\"name\":\"\u00bfPOR QUI\u00c9N VOTAR\u00cdAS SI HOY FUERAN LAS ELECCIONES DE 2027 PARA GOBERNADOR DE SONORA? - Grupo M\u00e9xico Publica\",\"isPartOf\":{\"@id\":\"https:\/\/mexicopublica.mx\/#website\"},\"primaryImageOfPage\":{\"@id\":\"https:\/\/mexicopublica.mx\/por-quien-votarias-si-hoy-fueran-las-elecciones-de-2027-para-gobernador-de-sonora\/#primaryimage\"},\"image\":{\"@id\":\"https:\/\/mexicopublica.mx\/por-quien-votarias-si-hoy-fueran-las-elecciones-de-2027-para-gobernador-de-sonora\/#primaryimage\"},\"thumbnailUrl\":\"https:\/\/mexicopublica.mx\/wp-content\/uploads\/2025\/12\/encuestas-gmp-sonora.webp\",\"datePublished\":\"2025-12-16T20:25:26+00:00\",\"dateModified\":\"2025-12-16T20:25:44+00:00\",\"description\":\"Participa en nuestra encuesta. Ejercicio informativo sin validez oficial.\",\"breadcrumb\":{\"@id\":\"https:\/\/mexicopublica.mx\/por-quien-votarias-si-hoy-fueran-las-elecciones-de-2027-para-gobernador-de-sonora\/#breadcrumb\"},\"inLanguage\":\"en-US\",\"potentialAction\":[{\"@type\":\"ReadAction\",\"target\":[\"https:\/\/mexicopublica.mx\/por-quien-votarias-si-hoy-fueran-las-elecciones-de-2027-para-gobernador-de-sonora\/\"]}]},{\"@type\":\"ImageObject\",\"inLanguage\":\"en-US\",\"@id\":\"https:\/\/mexicopublica.mx\/por-quien-votarias-si-hoy-fueran-las-elecciones-de-2027-para-gobernador-de-sonora\/#primaryimage\",\"url\":\"https:\/\/mexicopublica.mx\/wp-content\/uploads\/2025\/12\/encuestas-gmp-sonora.webp\",\"contentUrl\":\"https:\/\/mexicopublica.mx\/wp-content\/uploads\/2025\/12\/encuestas-gmp-sonora.webp\",\"width\":1200,\"height\":653},{\"@type\":\"BreadcrumbList\",\"@id\":\"https:\/\/mexicopublica.mx\/por-quien-votarias-si-hoy-fueran-las-elecciones-de-2027-para-gobernador-de-sonora\/#breadcrumb\",\"itemListElement\":[{\"@type\":\"ListItem\",\"position\":1,\"name\":\"Portada\",\"item\":\"https:\/\/mexicopublica.mx\/\"},{\"@type\":\"ListItem\",\"position\":2,\"name\":\"\u00bfPOR QUI\u00c9N VOTAR\u00cdAS SI HOY FUERAN LAS ELECCIONES DE 2027 PARA GOBERNADOR DE SONORA?\"}]},{\"@type\":\"WebSite\",\"@id\":\"https:\/\/mexicopublica.mx\/#website\",\"url\":\"https:\/\/mexicopublica.mx\/\",\"name\":\"M\u00e9xico Publica\",\"description\":\"Noticias\",\"publisher\":{\"@id\":\"https:\/\/mexicopublica.mx\/#organization\"},\"potentialAction\":[{\"@type\":\"SearchAction\",\"target\":{\"@type\":\"EntryPoint\",\"urlTemplate\":\"https:\/\/mexicopublica.mx\/?s={search_term_string}\"},\"query-input\":{\"@type\":\"PropertyValueSpecification\",\"valueRequired\":true,\"valueName\":\"search_term_string\"}}],\"inLanguage\":\"en-US\"},{\"@type\":\"Organization\",\"@id\":\"https:\/\/mexicopublica.mx\/#organization\",\"name\":\"M\u00e9xico Publica\",\"url\":\"https:\/\/mexicopublica.mx\/\",\"logo\":{\"@type\":\"ImageObject\",\"inLanguage\":\"en-US\",\"@id\":\"https:\/\/mexicopublica.mx\/#\/schema\/logo\/image\/\",\"url\":\"https:\/\/mexicopublica.mx\/wp-content\/uploads\/2025\/08\/logo-gmp-web.webp\",\"contentUrl\":\"https:\/\/mexicopublica.mx\/wp-content\/uploads\/2025\/08\/logo-gmp-web.webp\",\"width\":1200,\"height\":1200,\"caption\":\"M\u00e9xico Publica\"},\"image\":{\"@id\":\"https:\/\/mexicopublica.mx\/#\/schema\/logo\/image\/\"}}]}<\/script>\n<!-- \/ Yoast SEO plugin. -->","yoast_head_json":{"title":"\u00bfPOR QUI\u00c9N VOTAR\u00cdAS SI HOY FUERAN LAS ELECCIONES DE 2027 PARA GOBERNADOR DE SONORA? - Grupo M\u00e9xico Publica","description":"Participa en nuestra encuesta. Ejercicio informativo sin validez oficial.","robots":{"index":"index","follow":"follow","max-snippet":"max-snippet:-1","max-image-preview":"max-image-preview:large","max-video-preview":"max-video-preview:-1"},"canonical":"https:\/\/mexicopublica.mx\/en\/por-quien-votarias-si-hoy-fueran-las-elecciones-de-2027-para-gobernador-de-sonora\/","og_locale":"en_US","og_type":"article","og_title":"\u00bfPOR QUI\u00c9N VOTAR\u00cdAS SI HOY FUERAN LAS ELECCIONES DE 2027 PARA GOBERNADOR DE SONORA? - Grupo M\u00e9xico Publica","og_description":"Participa en nuestra encuesta. Ejercicio informativo sin validez oficial.","og_url":"https:\/\/mexicopublica.mx\/en\/por-quien-votarias-si-hoy-fueran-las-elecciones-de-2027-para-gobernador-de-sonora\/","og_site_name":"Grupo M\u00e9xico Publica","article_modified_time":"2025-12-16T20:25:44+00:00","og_image":[{"width":1200,"height":653,"url":"https:\/\/mexicopublica.mx\/wp-content\/uploads\/2025\/12\/encuestas-gmp-sonora.webp","type":"image\/webp"}],"twitter_card":"summary_large_image","twitter_misc":{"Est. reading time":"1 minute"},"schema":{"@context":"https:\/\/schema.org","@graph":[{"@type":"WebPage","@id":"https:\/\/mexicopublica.mx\/por-quien-votarias-si-hoy-fueran-las-elecciones-de-2027-para-gobernador-de-sonora\/","url":"https:\/\/mexicopublica.mx\/por-quien-votarias-si-hoy-fueran-las-elecciones-de-2027-para-gobernador-de-sonora\/","name":"\u00bfPOR QUI\u00c9N VOTAR\u00cdAS SI HOY FUERAN LAS ELECCIONES DE 2027 PARA GOBERNADOR DE SONORA? - Grupo M\u00e9xico Publica","isPartOf":{"@id":"https:\/\/mexicopublica.mx\/#website"},"primaryImageOfPage":{"@id":"https:\/\/mexicopublica.mx\/por-quien-votarias-si-hoy-fueran-las-elecciones-de-2027-para-gobernador-de-sonora\/#primaryimage"},"image":{"@id":"https:\/\/mexicopublica.mx\/por-quien-votarias-si-hoy-fueran-las-elecciones-de-2027-para-gobernador-de-sonora\/#primaryimage"},"thumbnailUrl":"https:\/\/mexicopublica.mx\/wp-content\/uploads\/2025\/12\/encuestas-gmp-sonora.webp","datePublished":"2025-12-16T20:25:26+00:00","dateModified":"2025-12-16T20:25:44+00:00","description":"Participa en nuestra encuesta. Ejercicio informativo sin validez oficial.","breadcrumb":{"@id":"https:\/\/mexicopublica.mx\/por-quien-votarias-si-hoy-fueran-las-elecciones-de-2027-para-gobernador-de-sonora\/#breadcrumb"},"inLanguage":"en-US","potentialAction":[{"@type":"ReadAction","target":["https:\/\/mexicopublica.mx\/por-quien-votarias-si-hoy-fueran-las-elecciones-de-2027-para-gobernador-de-sonora\/"]}]},{"@type":"ImageObject","inLanguage":"en-US","@id":"https:\/\/mexicopublica.mx\/por-quien-votarias-si-hoy-fueran-las-elecciones-de-2027-para-gobernador-de-sonora\/#primaryimage","url":"https:\/\/mexicopublica.mx\/wp-content\/uploads\/2025\/12\/encuestas-gmp-sonora.webp","contentUrl":"https:\/\/mexicopublica.mx\/wp-content\/uploads\/2025\/12\/encuestas-gmp-sonora.webp","width":1200,"height":653},{"@type":"BreadcrumbList","@id":"https:\/\/mexicopublica.mx\/por-quien-votarias-si-hoy-fueran-las-elecciones-de-2027-para-gobernador-de-sonora\/#breadcrumb","itemListElement":[{"@type":"ListItem","position":1,"name":"Portada","item":"https:\/\/mexicopublica.mx\/"},{"@type":"ListItem","position":2,"name":"\u00bfPOR QUI\u00c9N VOTAR\u00cdAS SI HOY FUERAN LAS ELECCIONES DE 2027 PARA GOBERNADOR DE SONORA?"}]},{"@type":"WebSite","@id":"https:\/\/mexicopublica.mx\/#website","url":"https:\/\/mexicopublica.mx\/","name":"M\u00e9xico Publica","description":"Noticias","publisher":{"@id":"https:\/\/mexicopublica.mx\/#organization"},"potentialAction":[{"@type":"SearchAction","target":{"@type":"EntryPoint","urlTemplate":"https:\/\/mexicopublica.mx\/?s={search_term_string}"},"query-input":{"@type":"PropertyValueSpecification","valueRequired":true,"valueName":"search_term_string"}}],"inLanguage":"en-US"},{"@type":"Organization","@id":"https:\/\/mexicopublica.mx\/#organization","name":"M\u00e9xico Publica","url":"https:\/\/mexicopublica.mx\/","logo":{"@type":"ImageObject","inLanguage":"en-US","@id":"https:\/\/mexicopublica.mx\/#\/schema\/logo\/image\/","url":"https:\/\/mexicopublica.mx\/wp-content\/uploads\/2025\/08\/logo-gmp-web.webp","contentUrl":"https:\/\/mexicopublica.mx\/wp-content\/uploads\/2025\/08\/logo-gmp-web.webp","width":1200,"height":1200,"caption":"M\u00e9xico Publica"},"image":{"@id":"https:\/\/mexicopublica.mx\/#\/schema\/logo\/image\/"}}]}},"_links":{"self":[{"href":"https:\/\/mexicopublica.mx\/en\/wp-json\/wp\/v2\/pages\/49476","targetHints":{"allow":["GET"]}}],"collection":[{"href":"https:\/\/mexicopublica.mx\/en\/wp-json\/wp\/v2\/pages"}],"about":[{"href":"https:\/\/mexicopublica.mx\/en\/wp-json\/wp\/v2\/types\/page"}],"author":[{"embeddable":true,"href":"https:\/\/mexicopublica.mx\/en\/wp-json\/wp\/v2\/users\/1"}],"replies":[{"embeddable":true,"href":"https:\/\/mexicopublica.mx\/en\/wp-json\/wp\/v2\/comments?post=49476"}],"version-history":[{"count":2,"href":"https:\/\/mexicopublica.mx\/en\/wp-json\/wp\/v2\/pages\/49476\/revisions"}],"predecessor-version":[{"id":49479,"href":"https:\/\/mexicopublica.mx\/en\/wp-json\/wp\/v2\/pages\/49476\/revisions\/49479"}],"wp:featuredmedia":[{"embeddable":true,"href":"https:\/\/mexicopublica.mx\/en\/wp-json\/wp\/v2\/media\/49477"}],"wp:attachment":[{"href":"https:\/\/mexicopublica.mx\/en\/wp-json\/wp\/v2\/media?parent=49476"}],"curies":[{"name":"wp","href":"https:\/\/api.w.org\/{rel}","templated":true}]}}