{"id":53755,"date":"2026-02-17T04:53:36","date_gmt":"2026-02-17T04:53:36","guid":{"rendered":"https:\/\/mexicopublica.mx\/?page_id=53755"},"modified":"2026-02-17T04:53:37","modified_gmt":"2026-02-17T04:53:37","slug":"nayarit-publica-diario-audiovisual-17-de-febrero-2026","status":"publish","type":"page","link":"https:\/\/mexicopublica.mx\/en\/nayarit-publica-diario-audiovisual-17-de-febrero-2026\/","title":{"rendered":"Nayarit Publica Diario Audiovisual 17 de Febrero 2026"},"content":{"rendered":"<blockquote class=\"tiktok-embed\" cite=\"https:\/\/www.tiktok.com\/@gmpdiario\/video\/7607667505061973268\" data-video-id=\"7607667505061973268\" style=\"max-width: 605px;min-width: 325px;\" > <section> <a target=\"_blank\" title=\"@gmpdiario\" href=\"https:\/\/www.tiktok.com\/@gmpdiario?refer=embed\">@gmpdiario<\/a> <p>Miguel \u00c1ngel Navarro asume compromisos para mejorar la Secundaria Fernando Monta\u00f1o<\/p> <a target=\"_blank\" title=\"\u266c sonido original - Grupo M\u00e9xico Publica\" href=\"https:\/\/www.tiktok.com\/music\/sonido-original-7607667676131494674?refer=embed\">\u266c sonido original &#8211; Grupo M\u00e9xico Publica<\/a> <\/section> <\/blockquote> <script async src=\"https:\/\/www.tiktok.com\/embed.js\"><\/script>\n\n\n\n<p><\/p>","protected":false},"excerpt":{"rendered":"<p>@gmpdiario Miguel \u00c1ngel Navarro asume compromisos para mejorar la Secundaria Fernando Monta\u00f1o \u266c sonido original &#8211; Grupo M\u00e9xico Publica<\/p>","protected":false},"author":7,"featured_media":53723,"parent":0,"menu_order":0,"comment_status":"closed","ping_status":"closed","template":"","meta":{"footnotes":""},"class_list":["post-53755","page","type-page","status-publish","has-post-thumbnail","hentry"],"yoast_head":"<!-- This site is optimized with the Yoast SEO plugin v27.2 - https:\/\/yoast.com\/product\/yoast-seo-wordpress\/ -->\n<title>Nayarit Publica Diario Audiovisual 17 de Febrero 2026 - Grupo M\u00e9xico Publica<\/title>\n<meta name=\"robots\" content=\"index, follow, max-snippet:-1, max-image-preview:large, max-video-preview:-1\" \/>\n<link rel=\"canonical\" href=\"https:\/\/mexicopublica.mx\/en\/nayarit-publica-diario-audiovisual-17-de-febrero-2026\/\" \/>\n<meta property=\"og:locale\" content=\"en_US\" \/>\n<meta property=\"og:type\" content=\"article\" \/>\n<meta property=\"og:title\" content=\"Nayarit Publica Diario Audiovisual 17 de Febrero 2026 - Grupo M\u00e9xico Publica\" \/>\n<meta property=\"og:description\" content=\"@gmpdiario Miguel \u00c1ngel Navarro asume compromisos para mejorar la Secundaria Fernando Monta\u00f1o \u266c sonido original &#8211; Grupo M\u00e9xico Publica\" \/>\n<meta property=\"og:url\" content=\"https:\/\/mexicopublica.mx\/en\/nayarit-publica-diario-audiovisual-17-de-febrero-2026\/\" \/>\n<meta property=\"og:site_name\" content=\"Grupo M\u00e9xico Publica\" \/>\n<meta property=\"article:modified_time\" content=\"2026-02-17T04:53:37+00:00\" \/>\n<meta property=\"og:image\" content=\"https:\/\/mexicopublica.mx\/wp-content\/uploads\/2026\/02\/35887f10-966a-435d-ac3f-2827de8ccbec.jpeg\" \/>\n\t<meta property=\"og:image:width\" content=\"512\" \/>\n\t<meta property=\"og:image:height\" content=\"512\" \/>\n\t<meta property=\"og:image:type\" content=\"image\/jpeg\" \/>\n<meta name=\"twitter:card\" content=\"summary_large_image\" \/>\n<meta name=\"twitter:label1\" content=\"Est. reading time\" \/>\n\t<meta name=\"twitter:data1\" content=\"1 minute\" \/>\n<script type=\"application\/ld+json\" class=\"yoast-schema-graph\">{\"@context\":\"https:\/\/schema.org\",\"@graph\":[{\"@type\":\"WebPage\",\"@id\":\"https:\/\/mexicopublica.mx\/nayarit-publica-diario-audiovisual-17-de-febrero-2026\/\",\"url\":\"https:\/\/mexicopublica.mx\/nayarit-publica-diario-audiovisual-17-de-febrero-2026\/\",\"name\":\"Nayarit Publica Diario Audiovisual 17 de Febrero 2026 - Grupo M\u00e9xico Publica\",\"isPartOf\":{\"@id\":\"https:\/\/mexicopublica.mx\/#website\"},\"primaryImageOfPage\":{\"@id\":\"https:\/\/mexicopublica.mx\/nayarit-publica-diario-audiovisual-17-de-febrero-2026\/#primaryimage\"},\"image\":{\"@id\":\"https:\/\/mexicopublica.mx\/nayarit-publica-diario-audiovisual-17-de-febrero-2026\/#primaryimage\"},\"thumbnailUrl\":\"https:\/\/mexicopublica.mx\/wp-content\/uploads\/2026\/02\/35887f10-966a-435d-ac3f-2827de8ccbec.jpeg\",\"datePublished\":\"2026-02-17T04:53:36+00:00\",\"dateModified\":\"2026-02-17T04:53:37+00:00\",\"breadcrumb\":{\"@id\":\"https:\/\/mexicopublica.mx\/nayarit-publica-diario-audiovisual-17-de-febrero-2026\/#breadcrumb\"},\"inLanguage\":\"en-US\",\"potentialAction\":[{\"@type\":\"ReadAction\",\"target\":[\"https:\/\/mexicopublica.mx\/nayarit-publica-diario-audiovisual-17-de-febrero-2026\/\"]}]},{\"@type\":\"ImageObject\",\"inLanguage\":\"en-US\",\"@id\":\"https:\/\/mexicopublica.mx\/nayarit-publica-diario-audiovisual-17-de-febrero-2026\/#primaryimage\",\"url\":\"https:\/\/mexicopublica.mx\/wp-content\/uploads\/2026\/02\/35887f10-966a-435d-ac3f-2827de8ccbec.jpeg\",\"contentUrl\":\"https:\/\/mexicopublica.mx\/wp-content\/uploads\/2026\/02\/35887f10-966a-435d-ac3f-2827de8ccbec.jpeg\",\"width\":512,\"height\":512},{\"@type\":\"BreadcrumbList\",\"@id\":\"https:\/\/mexicopublica.mx\/nayarit-publica-diario-audiovisual-17-de-febrero-2026\/#breadcrumb\",\"itemListElement\":[{\"@type\":\"ListItem\",\"position\":1,\"name\":\"Portada\",\"item\":\"https:\/\/mexicopublica.mx\/\"},{\"@type\":\"ListItem\",\"position\":2,\"name\":\"Nayarit Publica Diario Audiovisual 17 de Febrero 2026\"}]},{\"@type\":\"WebSite\",\"@id\":\"https:\/\/mexicopublica.mx\/#website\",\"url\":\"https:\/\/mexicopublica.mx\/\",\"name\":\"M\u00e9xico Publica\",\"description\":\"Noticias\",\"publisher\":{\"@id\":\"https:\/\/mexicopublica.mx\/#organization\"},\"potentialAction\":[{\"@type\":\"SearchAction\",\"target\":{\"@type\":\"EntryPoint\",\"urlTemplate\":\"https:\/\/mexicopublica.mx\/?s={search_term_string}\"},\"query-input\":{\"@type\":\"PropertyValueSpecification\",\"valueRequired\":true,\"valueName\":\"search_term_string\"}}],\"inLanguage\":\"en-US\"},{\"@type\":\"Organization\",\"@id\":\"https:\/\/mexicopublica.mx\/#organization\",\"name\":\"M\u00e9xico Publica\",\"url\":\"https:\/\/mexicopublica.mx\/\",\"logo\":{\"@type\":\"ImageObject\",\"inLanguage\":\"en-US\",\"@id\":\"https:\/\/mexicopublica.mx\/#\/schema\/logo\/image\/\",\"url\":\"https:\/\/mexicopublica.mx\/wp-content\/uploads\/2025\/08\/logo-gmp-web.webp\",\"contentUrl\":\"https:\/\/mexicopublica.mx\/wp-content\/uploads\/2025\/08\/logo-gmp-web.webp\",\"width\":1200,\"height\":1200,\"caption\":\"M\u00e9xico Publica\"},\"image\":{\"@id\":\"https:\/\/mexicopublica.mx\/#\/schema\/logo\/image\/\"}}]}<\/script>\n<!-- \/ Yoast SEO plugin. -->","yoast_head_json":{"title":"Nayarit Publica Diario Audiovisual 17 de Febrero 2026 - Grupo M\u00e9xico Publica","robots":{"index":"index","follow":"follow","max-snippet":"max-snippet:-1","max-image-preview":"max-image-preview:large","max-video-preview":"max-video-preview:-1"},"canonical":"https:\/\/mexicopublica.mx\/en\/nayarit-publica-diario-audiovisual-17-de-febrero-2026\/","og_locale":"en_US","og_type":"article","og_title":"Nayarit Publica Diario Audiovisual 17 de Febrero 2026 - Grupo M\u00e9xico Publica","og_description":"@gmpdiario Miguel \u00c1ngel Navarro asume compromisos para mejorar la Secundaria Fernando Monta\u00f1o \u266c sonido original &#8211; Grupo M\u00e9xico Publica","og_url":"https:\/\/mexicopublica.mx\/en\/nayarit-publica-diario-audiovisual-17-de-febrero-2026\/","og_site_name":"Grupo M\u00e9xico Publica","article_modified_time":"2026-02-17T04:53:37+00:00","og_image":[{"width":512,"height":512,"url":"https:\/\/mexicopublica.mx\/wp-content\/uploads\/2026\/02\/35887f10-966a-435d-ac3f-2827de8ccbec.jpeg","type":"image\/jpeg"}],"twitter_card":"summary_large_image","twitter_misc":{"Est. reading time":"1 minute"},"schema":{"@context":"https:\/\/schema.org","@graph":[{"@type":"WebPage","@id":"https:\/\/mexicopublica.mx\/nayarit-publica-diario-audiovisual-17-de-febrero-2026\/","url":"https:\/\/mexicopublica.mx\/nayarit-publica-diario-audiovisual-17-de-febrero-2026\/","name":"Nayarit Publica Diario Audiovisual 17 de Febrero 2026 - Grupo M\u00e9xico Publica","isPartOf":{"@id":"https:\/\/mexicopublica.mx\/#website"},"primaryImageOfPage":{"@id":"https:\/\/mexicopublica.mx\/nayarit-publica-diario-audiovisual-17-de-febrero-2026\/#primaryimage"},"image":{"@id":"https:\/\/mexicopublica.mx\/nayarit-publica-diario-audiovisual-17-de-febrero-2026\/#primaryimage"},"thumbnailUrl":"https:\/\/mexicopublica.mx\/wp-content\/uploads\/2026\/02\/35887f10-966a-435d-ac3f-2827de8ccbec.jpeg","datePublished":"2026-02-17T04:53:36+00:00","dateModified":"2026-02-17T04:53:37+00:00","breadcrumb":{"@id":"https:\/\/mexicopublica.mx\/nayarit-publica-diario-audiovisual-17-de-febrero-2026\/#breadcrumb"},"inLanguage":"en-US","potentialAction":[{"@type":"ReadAction","target":["https:\/\/mexicopublica.mx\/nayarit-publica-diario-audiovisual-17-de-febrero-2026\/"]}]},{"@type":"ImageObject","inLanguage":"en-US","@id":"https:\/\/mexicopublica.mx\/nayarit-publica-diario-audiovisual-17-de-febrero-2026\/#primaryimage","url":"https:\/\/mexicopublica.mx\/wp-content\/uploads\/2026\/02\/35887f10-966a-435d-ac3f-2827de8ccbec.jpeg","contentUrl":"https:\/\/mexicopublica.mx\/wp-content\/uploads\/2026\/02\/35887f10-966a-435d-ac3f-2827de8ccbec.jpeg","width":512,"height":512},{"@type":"BreadcrumbList","@id":"https:\/\/mexicopublica.mx\/nayarit-publica-diario-audiovisual-17-de-febrero-2026\/#breadcrumb","itemListElement":[{"@type":"ListItem","position":1,"name":"Portada","item":"https:\/\/mexicopublica.mx\/"},{"@type":"ListItem","position":2,"name":"Nayarit Publica Diario Audiovisual 17 de Febrero 2026"}]},{"@type":"WebSite","@id":"https:\/\/mexicopublica.mx\/#website","url":"https:\/\/mexicopublica.mx\/","name":"M\u00e9xico Publica","description":"Noticias","publisher":{"@id":"https:\/\/mexicopublica.mx\/#organization"},"potentialAction":[{"@type":"SearchAction","target":{"@type":"EntryPoint","urlTemplate":"https:\/\/mexicopublica.mx\/?s={search_term_string}"},"query-input":{"@type":"PropertyValueSpecification","valueRequired":true,"valueName":"search_term_string"}}],"inLanguage":"en-US"},{"@type":"Organization","@id":"https:\/\/mexicopublica.mx\/#organization","name":"M\u00e9xico Publica","url":"https:\/\/mexicopublica.mx\/","logo":{"@type":"ImageObject","inLanguage":"en-US","@id":"https:\/\/mexicopublica.mx\/#\/schema\/logo\/image\/","url":"https:\/\/mexicopublica.mx\/wp-content\/uploads\/2025\/08\/logo-gmp-web.webp","contentUrl":"https:\/\/mexicopublica.mx\/wp-content\/uploads\/2025\/08\/logo-gmp-web.webp","width":1200,"height":1200,"caption":"M\u00e9xico Publica"},"image":{"@id":"https:\/\/mexicopublica.mx\/#\/schema\/logo\/image\/"}}]}},"_links":{"self":[{"href":"https:\/\/mexicopublica.mx\/en\/wp-json\/wp\/v2\/pages\/53755","targetHints":{"allow":["GET"]}}],"collection":[{"href":"https:\/\/mexicopublica.mx\/en\/wp-json\/wp\/v2\/pages"}],"about":[{"href":"https:\/\/mexicopublica.mx\/en\/wp-json\/wp\/v2\/types\/page"}],"author":[{"embeddable":true,"href":"https:\/\/mexicopublica.mx\/en\/wp-json\/wp\/v2\/users\/7"}],"replies":[{"embeddable":true,"href":"https:\/\/mexicopublica.mx\/en\/wp-json\/wp\/v2\/comments?post=53755"}],"version-history":[{"count":1,"href":"https:\/\/mexicopublica.mx\/en\/wp-json\/wp\/v2\/pages\/53755\/revisions"}],"predecessor-version":[{"id":53756,"href":"https:\/\/mexicopublica.mx\/en\/wp-json\/wp\/v2\/pages\/53755\/revisions\/53756"}],"wp:featuredmedia":[{"embeddable":true,"href":"https:\/\/mexicopublica.mx\/en\/wp-json\/wp\/v2\/media\/53723"}],"wp:attachment":[{"href":"https:\/\/mexicopublica.mx\/en\/wp-json\/wp\/v2\/media?parent=53755"}],"curies":[{"name":"wp","href":"https:\/\/api.w.org\/{rel}","templated":true}]}}